{"id":296,"date":"2010-12-16T09:07:27","date_gmt":"2010-12-16T08:07:27","guid":{"rendered":"http:\/\/www.benjamin-hochstetter.de\/?page_id=296"},"modified":"2016-09-07T08:59:57","modified_gmt":"2016-09-07T07:59:57","slug":"impressum","status":"publish","type":"page","link":"http:\/\/www.benjamin-hochstetter.de\/?page_id=296","title":{"rendered":"Impressum"},"content":{"rendered":"<div id=\"content\">\n<p>Die Angaben auf dem Server wurden und werden weiterhin sorgf\u00e4ltig gepr\u00fcft. Dessen ungeachtet kann eine Garantie f\u00fcr die Vollst\u00e4ndigkeit und letzte Aktualit\u00e4t der Angaben nicht \u00fcbernommen werden. Irrt\u00fcmer vorbehalten.<\/p>\n<h3>Haftungshinweis<\/h3>\n<p>Trotz sorgf\u00e4ltiger inhaltlicher Kontrolle \u00fcbernehme ich keine Haftung f\u00fcr die Inhalte externer Links. F\u00fcr den Inhalt der verlinkten Seiten sind ausschlie\u00dflich deren Betreiber verantwortlich.<\/p>\n<h3>Verantwortlich f\u00fcr den Inhalt<\/h3>\n<address>Benjamin Hochstetter<br \/>\nHohenstaufenstr. 7<\/address>\n<address>71032 B\u00f6blingen<br \/>\nInhaltlich Verantwortlicher gem\u00e4\u00df \u00a7 10 Absatz 3 MDStV: Benjamin Hochstetter (Anschrift wie oben).<\/address>\n<\/div>\n<h3>Related Images:<\/h3>","protected":false},"excerpt":{"rendered":"<p>Die Angaben auf dem Server wurden und werden weiterhin sorgf\u00e4ltig gepr\u00fcft. Dessen ungeachtet kann eine Garantie f\u00fcr die Vollst\u00e4ndigkeit und letzte Aktualit\u00e4t der Angaben nicht \u00fcbernommen werden. Irrt\u00fcmer vorbehalten. Haftungshinweis Trotz sorgf\u00e4ltiger inhaltlicher Kontrolle \u00fcbernehme ich keine Haftung f\u00fcr die Inhalte externer Links. F\u00fcr den Inhalt der verlinkten Seiten sind ausschlie\u00dflich deren Betreiber verantwortlich. Verantwortlich [&hellip;]<\/p>\n","protected":false},"author":1,"featured_media":0,"parent":24,"menu_order":0,"comment_status":"open","ping_status":"open","template":"","meta":{"ngg_post_thumbnail":0,"footnotes":""},"class_list":["post-296","page","type-page","status-publish","hentry"],"jetpack_sharing_enabled":true,"_links":{"self":[{"href":"http:\/\/www.benjamin-hochstetter.de\/index.php?rest_route=\/wp\/v2\/pages\/296","targetHints":{"allow":["GET"]}}],"collection":[{"href":"http:\/\/www.benjamin-hochstetter.de\/index.php?rest_route=\/wp\/v2\/pages"}],"about":[{"href":"http:\/\/www.benjamin-hochstetter.de\/index.php?rest_route=\/wp\/v2\/types\/page"}],"author":[{"embeddable":true,"href":"http:\/\/www.benjamin-hochstetter.de\/index.php?rest_route=\/wp\/v2\/users\/1"}],"replies":[{"embeddable":true,"href":"http:\/\/www.benjamin-hochstetter.de\/index.php?rest_route=%2Fwp%2Fv2%2Fcomments&post=296"}],"version-history":[{"count":6,"href":"http:\/\/www.benjamin-hochstetter.de\/index.php?rest_route=\/wp\/v2\/pages\/296\/revisions"}],"predecessor-version":[{"id":543,"href":"http:\/\/www.benjamin-hochstetter.de\/index.php?rest_route=\/wp\/v2\/pages\/296\/revisions\/543"}],"up":[{"embeddable":true,"href":"http:\/\/www.benjamin-hochstetter.de\/index.php?rest_route=\/wp\/v2\/pages\/24"}],"wp:attachment":[{"href":"http:\/\/www.benjamin-hochstetter.de\/index.php?rest_route=%2Fwp%2Fv2%2Fmedia&parent=296"}],"curies":[{"name":"wp","href":"https:\/\/api.w.org\/{rel}","templated":true}]}}