{"id":280,"date":"2010-11-18T14:51:45","date_gmt":"2010-11-18T13:51:45","guid":{"rendered":"http:\/\/www.benjamin-hochstetter.de\/?page_id=280"},"modified":"2016-09-07T09:01:15","modified_gmt":"2016-09-07T08:01:15","slug":"hinweise","status":"publish","type":"page","link":"http:\/\/www.benjamin-hochstetter.de\/?page_id=280","title":{"rendered":"Hinweise"},"content":{"rendered":"<p>Mit Urteil vom 12. Mai 1998 hat das\u00a0 Landgericht Hamburg entschieden, dass man durch die Anbringung eines\u00a0 Links die Inhalte der gelinkten Seite ggf. mit zu verantworten hat. Dies kann\u00a0 &#8211; so das LG &#8211; nur dadurch verhindert werden, dass man sich ausdr\u00fccklich von diesen Inhalten distanziert.<\/p>\n<p>Wir haben auf dieser Page Links zu anderen Seiten im Internet gelegt. F\u00fcr all diese Links gilt: Wir m\u00f6chten ausdr\u00fccklich betonen, dass wir keinerlei Einfluss auf die Gestaltung und die Inhalte der gelinkten Seiten haben. Deshalb distanzieren wir uns hiermit von allen Inhalten aller gelinkten Seiten auf dieser Homepage. Diese Erkl\u00e4rung gilt f\u00fcr alle auf\u00a0 dieser Homepage ausgebrachten Links und f\u00fcr alle Inhalte der Seiten, zu denen die Banner f\u00fchren.<\/p>\n<h3>Related Images:<\/h3>","protected":false},"excerpt":{"rendered":"<p>Mit Urteil vom 12. Mai 1998 hat das\u00a0 Landgericht Hamburg entschieden, dass man durch die Anbringung eines\u00a0 Links die Inhalte der gelinkten Seite ggf. mit zu verantworten hat. Dies kann\u00a0 &#8211; so das LG &#8211; nur dadurch verhindert werden, dass man sich ausdr\u00fccklich von diesen Inhalten distanziert. Wir haben auf dieser Page Links zu anderen [&hellip;]<\/p>\n","protected":false},"author":1,"featured_media":0,"parent":24,"menu_order":0,"comment_status":"open","ping_status":"open","template":"","meta":{"ngg_post_thumbnail":0,"footnotes":""},"class_list":["post-280","page","type-page","status-publish","hentry"],"jetpack_sharing_enabled":true,"_links":{"self":[{"href":"http:\/\/www.benjamin-hochstetter.de\/index.php?rest_route=\/wp\/v2\/pages\/280","targetHints":{"allow":["GET"]}}],"collection":[{"href":"http:\/\/www.benjamin-hochstetter.de\/index.php?rest_route=\/wp\/v2\/pages"}],"about":[{"href":"http:\/\/www.benjamin-hochstetter.de\/index.php?rest_route=\/wp\/v2\/types\/page"}],"author":[{"embeddable":true,"href":"http:\/\/www.benjamin-hochstetter.de\/index.php?rest_route=\/wp\/v2\/users\/1"}],"replies":[{"embeddable":true,"href":"http:\/\/www.benjamin-hochstetter.de\/index.php?rest_route=%2Fwp%2Fv2%2Fcomments&post=280"}],"version-history":[{"count":6,"href":"http:\/\/www.benjamin-hochstetter.de\/index.php?rest_route=\/wp\/v2\/pages\/280\/revisions"}],"predecessor-version":[{"id":545,"href":"http:\/\/www.benjamin-hochstetter.de\/index.php?rest_route=\/wp\/v2\/pages\/280\/revisions\/545"}],"up":[{"embeddable":true,"href":"http:\/\/www.benjamin-hochstetter.de\/index.php?rest_route=\/wp\/v2\/pages\/24"}],"wp:attachment":[{"href":"http:\/\/www.benjamin-hochstetter.de\/index.php?rest_route=%2Fwp%2Fv2%2Fmedia&parent=280"}],"curies":[{"name":"wp","href":"https:\/\/api.w.org\/{rel}","templated":true}]}}